{"id":6206,"date":"2019-11-25T05:33:35","date_gmt":"2019-11-25T05:33:35","guid":{"rendered":"http:\/\/demo-import.loc\/?page_id=6206"},"modified":"2025-07-05T04:50:43","modified_gmt":"2025-07-05T04:50:43","slug":"servicios","status":"publish","type":"page","link":"https:\/\/www.jamligroup.com\/es\/servicios\/","title":{"rendered":"Nuestros Servicios"},"content":{"rendered":"\t\t<div data-elementor-type=\"wp-page\" data-elementor-id=\"6206\" class=\"elementor elementor-6206\" data-elementor-post-type=\"page\">\n\t\t\t\t\t\t<section class=\"elementor-section elementor-top-section elementor-element elementor-element-a0a8329 elementor-section-boxed elementor-section-height-default elementor-section-height-default\" data-id=\"a0a8329\" data-element_type=\"section\">\n\t\t\t\t\t\t<div class=\"elementor-container elementor-column-gap-default\">\n\t\t\t\t\t<div class=\"elementor-column elementor-col-100 elementor-top-column elementor-element elementor-element-961825d\" data-id=\"961825d\" data-element_type=\"column\">\n\t\t\t<div class=\"elementor-widget-wrap elementor-element-populated\">\n\t\t\t\t\t\t<div class=\"elementor-element elementor-element-fb99fe8 elementor-widget elementor-widget-heading\" data-id=\"fb99fe8\" data-element_type=\"widget\" data-widget_type=\"heading.default\">\n\t\t\t\t<div class=\"elementor-widget-container\">\n\t\t\t\t\t<h2 class=\"elementor-heading-title elementor-size-default\">Servicios y Soluciones log\u00edsticas<\/h2>\t\t\t\t<\/div>\n\t\t\t\t<\/div>\n\t\t\t\t\t<\/div>\n\t\t<\/div>\n\t\t\t\t\t<\/div>\n\t\t<\/section>\n\t\t\t\t<section class=\"elementor-section elementor-top-section elementor-element elementor-element-137ee06 elementor-section-boxed elementor-section-height-default elementor-section-height-default\" data-id=\"137ee06\" data-element_type=\"section\">\n\t\t\t\t\t\t<div class=\"elementor-container elementor-column-gap-default\">\n\t\t\t\t\t<div class=\"elementor-column elementor-col-50 elementor-top-column elementor-element elementor-element-137f603\" data-id=\"137f603\" data-element_type=\"column\">\n\t\t\t<div class=\"elementor-widget-wrap elementor-element-populated\">\n\t\t\t\t\t\t<div class=\"elementor-element elementor-element-137fcad elementor-invisible elementor-widget elementor-widget-stm_services\" data-id=\"137fcad\" data-element_type=\"widget\" data-settings=\"{&quot;_animation&quot;:&quot;slideInUp&quot;}\" data-widget_type=\"stm_services.default\">\n\t\t\t\t<div class=\"elementor-widget-container\">\n\t\t\t\t\t\n    <div class=\"stm_services consulting_elementor_services style_6 cols_2\">\n                                <div class=\"item\">\n                <div class=\"item_wr\">\n                                            \n                        <div class=\"item_thumbnail\">\n                            <a href=\"https:\/\/www.jamligroup.com\/es\/service\/transporte\/\">\n                                <img fetchpriority=\"high\" decoding=\"async\" class=\"\" src=\"https:\/\/www.jamligroup.com\/es\/wp-content\/uploads\/2022\/06\/A8-360x320.jpg\" width=\"360\" height=\"320\" alt=\"A8\" title=\"A8\" \/>                            <\/a>\n                                                    <\/div>\n                                                            <div class=\"content\" >\n                                                                            <h5>\n                                <a href=\"https:\/\/www.jamligroup.com\/es\/service\/transporte\/\"\n                                    style=\"color:#FA5903\"                                   class=\"text_decoration_none secondary_font_color_hv\">Transporte Nacional<\/a>\n                            <\/h5>\n                                                                            <p>Disponemos de unidades modernas de gran porte preparadas para distintos tipos de cargas. Nuestros servicios de transporte se adaptan a las necesidades de cada Industria.<\/p>\n                                                                    <\/div>\n                <\/div>\n            <\/div>\n                                <div class=\"item\">\n                <div class=\"item_wr\">\n                                            \n                        <div class=\"item_thumbnail\">\n                            <a href=\"https:\/\/www.jamligroup.com\/es\/service\/audit-assurance\/\">\n                                <img decoding=\"async\" class=\"\" src=\"https:\/\/www.jamligroup.com\/es\/wp-content\/uploads\/2016\/01\/jamli-service-360x320.png\" width=\"360\" height=\"320\" alt=\"jamli service\" title=\"jamli service\" \/>                            <\/a>\n                                                    <\/div>\n                                                            <div class=\"content\" >\n                                                                            <h5>\n                                <a href=\"https:\/\/www.jamligroup.com\/es\/service\/audit-assurance\/\"\n                                    style=\"color:#FA5903\"                                   class=\"text_decoration_none secondary_font_color_hv\">Distribuci\u00f3n<\/a>\n                            <\/h5>\n                                                                            <p>Brindamos servicios de distribuci\u00f3n para peque\u00f1os y grandes vol\u00famenes en todo el territorio nacional, utilizando una flota diversa, moderna y adaptada a cada tipo de operaci\u00f3n.<\/p>\n                                                                    <\/div>\n                <\/div>\n            <\/div>\n            <\/div>\n\t\t\t\t<\/div>\n\t\t\t\t<\/div>\n\t\t\t\t\t<\/div>\n\t\t<\/div>\n\t\t\t\t<div class=\"elementor-column elementor-col-50 elementor-top-column elementor-element elementor-element-0961393\" data-id=\"0961393\" data-element_type=\"column\">\n\t\t\t<div class=\"elementor-widget-wrap elementor-element-populated\">\n\t\t\t\t\t\t<div class=\"elementor-element elementor-element-36dab0d elementor-widget elementor-widget-stm_sidebar\" data-id=\"36dab0d\" data-element_type=\"widget\" data-widget_type=\"stm_sidebar.default\">\n\t\t\t\t<div class=\"elementor-widget-container\">\n\t\t\t\t\t\n<div class=\"stm_sidebar consulting_elementor_sidebar\">\n\n            \t\t<div data-elementor-type=\"wp-post\" data-elementor-id=\"577\" class=\"elementor elementor-577\" data-elementor-post-type=\"stm_vc_sidebar\">\n\t\t\t\t\t\t<section class=\"elementor-section elementor-top-section elementor-element elementor-element-d906324 elementor-section-boxed elementor-section-height-default elementor-section-height-default\" data-id=\"d906324\" data-element_type=\"section\">\n\t\t\t\t\t\t<div class=\"elementor-container elementor-column-gap-default\">\n\t\t\t\t\t<div class=\"elementor-column elementor-col-100 elementor-top-column elementor-element elementor-element-0f02922\" data-id=\"0f02922\" data-element_type=\"column\" data-settings=\"{&quot;background_background&quot;:&quot;classic&quot;}\">\n\t\t\t<div class=\"elementor-widget-wrap elementor-element-populated\">\n\t\t\t\t\t\t<section class=\"elementor-section elementor-inner-section elementor-element elementor-element-f1df8e7 elementor-section-boxed elementor-section-height-default elementor-section-height-default\" data-id=\"f1df8e7\" data-element_type=\"section\" data-settings=\"{&quot;background_background&quot;:&quot;classic&quot;}\">\n\t\t\t\t\t\t<div class=\"elementor-container elementor-column-gap-default\">\n\t\t\t\t\t<div class=\"elementor-column elementor-col-100 elementor-inner-column elementor-element elementor-element-77b5451\" data-id=\"77b5451\" data-element_type=\"column\" data-settings=\"{&quot;background_background&quot;:&quot;classic&quot;}\">\n\t\t\t<div class=\"elementor-widget-wrap elementor-element-populated\">\n\t\t\t\t\t\t<div class=\"elementor-element elementor-element-41c3672 elementor-widget elementor-widget-text-editor\" data-id=\"41c3672\" data-element_type=\"widget\" data-widget_type=\"text-editor.default\">\n\t\t\t\t<div class=\"elementor-widget-container\">\n\t\t\t\t\t\t\t\t\t<h6><span style=\"color: #ffff;\">Los servicios de log\u00edstica de JAMLI GROUP permiten optimizar tus operaciones con eficiencia y calidad en cada etapa de tu cadena de suministro.<\/p>\n<p>En Jamli Group, brindamos servicios log\u00edsticos basados en la Innovaci\u00f3n Tecnol\u00f3gica, como principio de Mejora en la Eficiencia, los Costos y la Calidad de Servicio, para que esto nos permita ser un aliado estrat\u00e9gico de su empresa.<\/span><\/h6>\n\t\t\t\t\t\t\t\t<\/div>\n\t\t\t\t<\/div>\n\t\t\t\t<div class=\"elementor-element elementor-element-8f5a3c7 elementor-widget__width-auto elementor-invisible elementor-widget elementor-widget-button\" data-id=\"8f5a3c7\" data-element_type=\"widget\" data-settings=\"{&quot;_animation&quot;:&quot;swing&quot;}\" data-widget_type=\"button.default\">\n\t\t\t\t<div class=\"elementor-widget-container\">\n\t\t\t\t\t\t\t\t\t<div class=\"elementor-button-wrapper icon_align_  \">\n\t\t\t\t\t<a class=\"elementor-button elementor-button-link elementor-size-md\" href=\"https:\/\/www.jamligroup.com\/es\/contactenos\/\">\n\t\t\t\t\t\t<span class=\"elementor-button-content-wrapper\">\n\t\t\t\t\t\t<span class=\"elementor-button-icon\">\n\t\t\t\t<i aria-hidden=\"true\" class=\"fas fa-phone-square-alt\"><\/i>\t\t\t<\/span>\n\t\t\t\t\t\t\t\t\t<span class=\"elementor-button-text\">Hablemos<\/span>\n\t\t\t\t\t<\/span>\n\t\t\t\t\t<\/a>\n\t\t\t\t<\/div>\n\t\t\t\t\t\t\t\t<\/div>\n\t\t\t\t<\/div>\n\t\t\t\t\t<\/div>\n\t\t<\/div>\n\t\t\t\t\t<\/div>\n\t\t<\/section>\n\t\t\t\t\t<\/div>\n\t\t<\/div>\n\t\t\t\t\t<\/div>\n\t\t<\/section>\n\t\t\t\t<section class=\"elementor-section elementor-top-section elementor-element elementor-element-6569874 elementor-section-boxed elementor-section-height-default elementor-section-height-default\" data-id=\"6569874\" data-element_type=\"section\">\n\t\t\t\t\t\t<div class=\"elementor-container elementor-column-gap-default\">\n\t\t\t\t\t<div class=\"elementor-column elementor-col-100 elementor-top-column elementor-element elementor-element-6569ffe\" data-id=\"6569ffe\" data-element_type=\"column\">\n\t\t\t<div class=\"elementor-widget-wrap\">\n\t\t\t\t\t\t\t<\/div>\n\t\t<\/div>\n\t\t\t\t\t<\/div>\n\t\t<\/section>\n\t\t\t\t<\/div>\n\t\t    \n<\/div>\t\t\t\t<\/div>\n\t\t\t\t<\/div>\n\t\t\t\t\t<\/div>\n\t\t<\/div>\n\t\t\t\t\t<\/div>\n\t\t<\/section>\n\t\t\t\t<section class=\"elementor-section elementor-top-section elementor-element elementor-element-4a603d elementor-section-stretched elementor-section-boxed elementor-section-height-default elementor-section-height-default\" data-id=\"4a603d\" data-element_type=\"section\" data-settings=\"{&quot;stretch_section&quot;:&quot;section-stretched&quot;,&quot;background_background&quot;:&quot;classic&quot;}\">\n\t\t\t\t\t\t\t<div class=\"elementor-background-overlay\"><\/div>\n\t\t\t\t\t\t\t<div class=\"elementor-container elementor-column-gap-default\">\n\t\t\t\t\t<div class=\"elementor-column elementor-col-50 elementor-top-column elementor-element elementor-element-39e83099\" data-id=\"39e83099\" data-element_type=\"column\">\n\t\t\t<div class=\"elementor-widget-wrap elementor-element-populated\">\n\t\t\t\t\t\t<div class=\"elementor-element elementor-element-79102fca elementor-widget__width-auto elementor-absolute elementor-view-default elementor-widget elementor-widget-icon\" data-id=\"79102fca\" data-element_type=\"widget\" data-settings=\"{&quot;_position&quot;:&quot;absolute&quot;}\" data-widget_type=\"icon.default\">\n\t\t\t\t<div class=\"elementor-widget-container\">\n\t\t\t\t\t\t\t<div class=\"elementor-icon-wrapper\">\n\t\t\t<div class=\"elementor-icon\">\n\t\t\t<i aria-hidden=\"true\" class=\" stm-atlanta-heading-right-shape\"><\/i>\t\t\t<\/div>\n\t\t<\/div>\n\t\t\t\t\t\t<\/div>\n\t\t\t\t<\/div>\n\t\t\t\t<div class=\"elementor-element elementor-element-1c63fa1b elementor-widget elementor-widget-text-editor\" data-id=\"1c63fa1b\" data-element_type=\"widget\" data-widget_type=\"text-editor.default\">\n\t\t\t\t<div class=\"elementor-widget-container\">\n\t\t\t\t\t\t\t\t\t<p><span style=\"color: #fa5903;\">Contamos con un excelente equipo de trabajo<\/span> totalmente capacitado, comprometido y orientado al \u00e9xito de nuestros clientes.<\/p>\n\t\t\t\t\t\t\t\t<\/div>\n\t\t\t\t<\/div>\n\t\t\t\t\t<\/div>\n\t\t<\/div>\n\t\t\t\t<div class=\"elementor-column elementor-col-50 elementor-top-column elementor-element elementor-element-b2e0763\" data-id=\"b2e0763\" data-element_type=\"column\">\n\t\t\t<div class=\"elementor-widget-wrap elementor-element-populated\">\n\t\t\t\t\t\t<div class=\"elementor-element elementor-element-2e29d967 elementor-widget__width-auto elementor-invisible elementor-widget elementor-widget-button\" data-id=\"2e29d967\" data-element_type=\"widget\" data-settings=\"{&quot;_animation&quot;:&quot;bounce&quot;}\" data-widget_type=\"button.default\">\n\t\t\t\t<div class=\"elementor-widget-container\">\n\t\t\t\t\t\t\t\t\t<div class=\"elementor-button-wrapper icon_align_  \">\n\t\t\t\t\t<a class=\"elementor-button elementor-button-link elementor-size-sm\" href=\"https:\/\/www.jamligroup.com\/es\/contactenos\/\">\n\t\t\t\t\t\t<span class=\"elementor-button-content-wrapper\">\n\t\t\t\t\t\t\t\t\t<span class=\"elementor-button-text\">CONT\u00c1CTANOS<\/span>\n\t\t\t\t\t<\/span>\n\t\t\t\t\t<\/a>\n\t\t\t\t<\/div>\n\t\t\t\t\t\t\t\t<\/div>\n\t\t\t\t<\/div>\n\t\t\t\t\t<\/div>\n\t\t<\/div>\n\t\t\t\t\t<\/div>\n\t\t<\/section>\n\t\t\t\t<\/div>\n\t\t","protected":false},"excerpt":{"rendered":"<p>Servicios y Soluciones log\u00edsticas Transporte Nacional Disponemos de unidades modernas de gran porte preparadas para distintos tipos de cargas. Nuestros servicios de transporte se adaptan a las necesidades de cada Industria. Distribuci\u00f3n Brindamos servicios de distribuci\u00f3n para peque\u00f1os y grandes vol\u00famenes en todo el territorio nacional, utilizando una flota diversa, moderna y adaptada a cada<\/p>\n","protected":false},"author":1,"featured_media":0,"parent":0,"menu_order":0,"comment_status":"closed","ping_status":"closed","template":"","meta":{"footnotes":""},"class_list":["post-6206","page","type-page","status-publish","hentry"],"_links":{"self":[{"href":"https:\/\/www.jamligroup.com\/es\/wp-json\/wp\/v2\/pages\/6206","targetHints":{"allow":["GET"]}}],"collection":[{"href":"https:\/\/www.jamligroup.com\/es\/wp-json\/wp\/v2\/pages"}],"about":[{"href":"https:\/\/www.jamligroup.com\/es\/wp-json\/wp\/v2\/types\/page"}],"author":[{"embeddable":true,"href":"https:\/\/www.jamligroup.com\/es\/wp-json\/wp\/v2\/users\/1"}],"replies":[{"embeddable":true,"href":"https:\/\/www.jamligroup.com\/es\/wp-json\/wp\/v2\/comments?post=6206"}],"version-history":[{"count":9,"href":"https:\/\/www.jamligroup.com\/es\/wp-json\/wp\/v2\/pages\/6206\/revisions"}],"predecessor-version":[{"id":16853,"href":"https:\/\/www.jamligroup.com\/es\/wp-json\/wp\/v2\/pages\/6206\/revisions\/16853"}],"wp:attachment":[{"href":"https:\/\/www.jamligroup.com\/es\/wp-json\/wp\/v2\/media?parent=6206"}],"curies":[{"name":"wp","href":"https:\/\/api.w.org\/{rel}","templated":true}]}}